{"id":1612,"date":"2025-04-28T16:02:14","date_gmt":"2025-04-28T14:02:14","guid":{"rendered":"https:\/\/www.juliuskramer.de\/home-page\/"},"modified":"2025-09-08T15:13:30","modified_gmt":"2025-09-08T13:13:30","slug":"home-page","status":"publish","type":"page","link":"https:\/\/www.juliuskramer.de\/en\/home-page\/","title":{"rendered":"Home page"},"content":{"rendered":"<div class=\"et_pb_section_0 et_pb_section et_section_regular et_block_section preset--module--divi-section--default\">\n<div class=\"et_pb_row_0 et_pb_row et_pb_equal_columns et_pb_gutters2 et_block_row preset--module--divi-row--default\">\n<div class=\"et_pb_column_0 et_pb_column et_pb_column_4_4 et-last-child et_block_column et_pb_css_mix_blend_mode_passthrough\">\n<div class=\"et_pb_slider_0 et_pb_slider et_pb_slider_fullwidth_off et_pb_module et_flex_module preset--group--divi-slider--divi-button--9pdp7poomz\"><div class=\"et_pb_slides\">\n<div class=\"et_pb_slide_0 et_pb_slide et_pb_slide_with_image et_pb_slider_with_text_overlay et_pb_media_alignment_center et_pb_bg_layout_dark et_pb_text_align_left preset--group--divi-slide--divi-button--9pdp7poomz\" data-slide-id=\"divi\/slide-0\"><div class=\"et_pb_container\"><div class=\"et_pb_slider_container_inner\"><div class=\"et_pb_slide_image\"><img decoding=\"async\" src=\"https:\/\/www.juliuskramer.de\/wp-content\/uploads\/2025\/06\/87A0123-3-1200x800.jpg\" alt=\"Lippenb\u00e4r im Satpura Nationalpark\" width=\"1200\" height=\"800\" srcset=\"https:\/\/www.juliuskramer.de\/wp-content\/uploads\/2025\/06\/87A0123-3-980x653.jpg 980w, https:\/\/www.juliuskramer.de\/wp-content\/uploads\/2025\/06\/87A0123-3-480x320.jpg 480w\" sizes=\"(min-width: 0px) and (max-width: 480px) 480px, (min-width: 481px) and (max-width: 980px) 980px, (min-width: 981px) 1200px, 100vw\" class=\"wp-image-2346 wp-image-2344\" \/><\/div><div class=\"et_pb_slide_description et_flex_module\"><div class=\"et_pb_text_overlay_wrapper\"><h2 class=\"et_pb_slide_title\"><a href=\"https:\/\/www.juliuskramer.de\/en\/nature-photography-workshops\/\" target=\"\" class=\"et_pb_slide_title_link\">Fotoreisen 2026<\/a><\/h2><div class=\"et_pb_slide_content\"><p>Zwei Reisen. Zwei Welten. Ein intensives Naturabenteuer \u2013 begleitet von dir und deiner Kamera.<\/p>\n<p><a href=\"\/bera\">Leoparden in Bera<\/a> - <a href=\"\/satpura\">Tiger &amp; Lippenb\u00e4ren<\/a> in Satpura.\u00a0<\/p>\n<p>Komm mit nach Indien!<\/p>\n<\/div><\/div><div class=\"et_pb_button_wrapper\"><a class=\"et_pb_button et_pb_more_button\" href=\"https:\/\/www.juliuskramer.de\/en\/nature-photography-workshops\/\">Zu den Reisen<\/a><\/div><\/div><\/div><\/div><\/div>\n\n<div class=\"et_pb_slide_1 et_pb_slide et_pb_media_alignment_center et_pb_bg_layout_dark preset--group--divi-slide--divi-button--default\" data-slide-id=\"divi\/slide-1\"><div class=\"et_pb_container\"><div class=\"et_pb_slider_container_inner\"><div class=\"et_pb_slide_description et_flex_module\"><h2 class=\"et_pb_slide_title\"><a href=\"\" target=\"\" class=\"et_pb_slide_title_link\">Velvet paw<\/a><\/h2><div class=\"et_pb_slide_content\"><p>A few lynx are roaming our forests again.<\/p>\n<\/div><div class=\"et_pb_button_wrapper\"><a class=\"et_pb_button et_pb_more_button\" href=\"\">The whole article<\/a><\/div><\/div><\/div><\/div><\/div>\n\n<div class=\"et_pb_slide_2 et_pb_slide et_pb_media_alignment_center et_pb_bg_layout_dark preset--module--divi-slide--u71c6mycq5\" data-slide-id=\"divi\/slide-2\"><div class=\"et_pb_container\"><div class=\"et_pb_slider_container_inner\"><div class=\"et_pb_slide_description et_flex_module\"><h2 class=\"et_pb_slide_title\"><a href=\"\" target=\"\" class=\"et_pb_slide_title_link\">Tanzania<\/a><\/h2><div class=\"et_pb_slide_content\"><p>Self-drive safari through Africa: a real adventure!<\/p>\n<\/div><div class=\"et_pb_button_wrapper\"><a class=\"et_pb_button et_pb_more_button\" href=\"\">To the travel report<\/a><\/div><\/div><\/div><\/div><\/div>\n\n<div class=\"et_pb_slide_3 et_pb_slide et_pb_media_alignment_center et_pb_bg_layout_dark preset--module--divi-slide--u71c6mycq5\" data-slide-id=\"divi\/slide-3\"><div class=\"et_pb_container\"><div class=\"et_pb_slider_container_inner\"><div class=\"et_pb_slide_description et_flex_module\"><h2 class=\"et_pb_slide_title\"><a href=\"\" target=\"\" class=\"et_pb_slide_title_link\">Quaint!<\/a><\/h2><div class=\"et_pb_slide_content\"><p>The<span>  Dovrefjell National Park in Norway is home to a population of musk oxen.<br \/>The animals defy the strong winds and cold weather. Real primeval animals! <\/span><\/p>\n<\/div><div class=\"et_pb_button_wrapper\"><a class=\"et_pb_button et_pb_more_button\" href=\"\">To the travel report<\/a><\/div><\/div><\/div><\/div><\/div>\n<\/div><\/div>\n<\/div>\n<\/div>\n<\/div>\n\n<div class=\"et_pb_section_1 et_pb_section et_pb_fullwidth_section et_section_regular et_block_section\">\n<div class=\"et_pb_fullwidth_slider_0 et_pb_slider et_pb_module preset--group--divi-fullwidth-slider--divi-button--9pdp7poomz\"><div class=\"et_pb_slides\">\n<div class=\"et_pb_slide_4 et_pb_slide et_pb_media_alignment_center et_pb_bg_layout_dark preset--group--divi-slide--divi-button--l2he0dmi4d\" data-slide-id=\"divi\/slide-4\"><div class=\"et_pb_container\"><div class=\"et_pb_slider_container_inner\"><div class=\"et_pb_slide_description et_flex_module\"><h2 class=\"et_pb_slide_title\"><a href=\"https:\/\/www.juliuskramer.de\/en\/nature-photography-workshops\/\" target=\"\" class=\"et_pb_slide_title_link\" data-et-mv-hidden-phone=\"true\">Indien<\/a><\/h2><div class=\"et_pb_slide_content\" data-et-mv-hidden-phone=\"true\"><p>Your content goes here. Edit or remove this text inline or in the module Content settings. You can also style every aspect of this content in the module Design settings and even apply custom CSS to this text in the module Advanced settings.  <\/p>\n<\/div><div class=\"et_pb_button_wrapper\"><a class=\"et_pb_button et_pb_more_button\" href=\"https:\/\/www.juliuskramer.de\/en\/nature-photography-workshops\/\">Read more<\/a><\/div><\/div><\/div><\/div><\/div>\n\n<div class=\"et_pb_slide_5 et_pb_slide et_pb_slider_with_text_overlay et_pb_media_alignment_center et_pb_bg_layout_dark preset--group--divi-slide--divi-button--l2he0dmi4d\" data-slide-id=\"divi\/slide-5\"><div class=\"et_pb_container\"><div class=\"et_pb_slider_container_inner\"><div class=\"et_pb_slide_description et_flex_module\"><div class=\"et_pb_text_overlay_wrapper\"><h2 class=\"et_pb_slide_title\"><a href=\"\" target=\"\" class=\"et_pb_slide_title_link\">Velvet paw<\/a><\/h2><div class=\"et_pb_slide_content\" data-et-mv-hidden-phone=\"true\"><p>Your content goes here. Edit or remove this text inline or in the module Content settings. You can also style every aspect of this content in the module Design settings and even apply custom CSS to this text in the module Advanced settings.  <\/p>\n<\/div><\/div><div class=\"et_pb_button_wrapper\"><a class=\"et_pb_button et_pb_more_button\" href=\"\">Read more<\/a><\/div><\/div><\/div><\/div><\/div>\n\n<div class=\"et_pb_slide_6 et_pb_slide et_pb_slider_with_text_overlay et_pb_media_alignment_center et_pb_bg_layout_dark preset--group--divi-slide--divi-button--l2he0dmi4d\" data-slide-id=\"divi\/slide-6\"><div class=\"et_pb_container\"><div class=\"et_pb_slider_container_inner\"><div class=\"et_pb_slide_description et_flex_module\"><div class=\"et_pb_text_overlay_wrapper\"><h2 class=\"et_pb_slide_title\"><a href=\"\" target=\"\" class=\"et_pb_slide_title_link\">Quaint<\/a><\/h2><div class=\"et_pb_slide_content\" data-et-mv-hidden-phone=\"true\"><p>Your content goes here. Edit or remove this text inline or in the module Content settings. You can also style every aspect of this content in the module Design settings and even apply custom CSS to this text in the module Advanced settings.  <\/p>\n<\/div><\/div><div class=\"et_pb_button_wrapper\"><a class=\"et_pb_button et_pb_more_button\" href=\"\">To the travel report<\/a><\/div><\/div><\/div><\/div><\/div>\n\n<div class=\"et_pb_slide_7 et_pb_slide et_pb_slider_with_text_overlay et_pb_media_alignment_center et_pb_bg_layout_dark preset--group--divi-slide--divi-button--l2he0dmi4d\" data-slide-id=\"divi\/slide-7\"><div class=\"et_pb_container\"><div class=\"et_pb_slider_container_inner\"><div class=\"et_pb_slide_description et_flex_module\"><div class=\"et_pb_text_overlay_wrapper\"><h2 class=\"et_pb_slide_title\"><a href=\"\" target=\"\" class=\"et_pb_slide_title_link\">Tanzania<\/a><\/h2><div class=\"et_pb_slide_content\" data-et-mv-hidden-phone=\"true\"><p>Your content goes here. Edit or remove this text inline or in the module Content settings. You can also style every aspect of this content in the module Design settings and even apply custom CSS to this text in the module Advanced settings.  <\/p>\n<\/div><\/div><div class=\"et_pb_button_wrapper\"><a class=\"et_pb_button et_pb_more_button\" href=\"\">To the travel report<\/a><\/div><\/div><\/div><\/div><\/div>\n<\/div><\/div>\n<\/div>\n\n<div class=\"et_pb_section_2 et_pb_section et_section_regular et_block_section preset--module--divi-section--default\">\n<div class=\"et_pb_row_1 et_pb_row et_pb_equal_columns et_pb_gutters2 et_block_row et_pb_section_parallax preset--module--divi-row--default\"><span class=\"et-pb-parallax-wrapper\"><span class=\"et-pb-parallax-background et-pb-parallax-background-module--divi-row-1\" style=\"background-image:url(http:\/\/juliuskramer.de\/wp-content\/uploads\/2025\/04\/alpenpanorama.jpg)\"><\/span><\/span>\n<div class=\"et_pb_column_1 et_pb_column et_pb_column_1_2 et_block_column et_pb_css_mix_blend_mode_passthrough\">\n<div class=\"et_pb_heading_0 et_pb_heading et_pb_module et_flex_module\"><div class=\"et_pb_heading_container\"><h3 class=\"et_pb_module_header\">wildlifefotograf & natursch\u00fctzer<\/h3><\/div><\/div>\n\n<div class=\"et_pb_heading_1 et_pb_heading et_pb_module et_flex_module\"><div class=\"et_pb_heading_container\"><h1 class=\"et_pb_module_header\">Julius Kramer<\/h1><\/div><\/div>\n\n<div class=\"et_pb_image_0 et_pb_image et_pb_module et_flex_module\"><span class=\"et_pb_image_wrap\"><img decoding=\"async\" src=\"https:\/\/www.juliuskramer.de\/wp-content\/uploads\/2025\/04\/julius_kramer-1.jpg\" title=\"julius_kramer\" width=\"403\" height=\"568\" class=\"wp-image-228\" \/><\/span><\/div>\n\n<div class=\"et_pb_text_0 et_pb_text et_pb_bg_layout_light et_pb_module et_flex_module\"><div class=\"et_pb_text_inner\"><p><span>Naturfotografie ist meine Leidenschaft \u2013 seit \u00fcber 20 Jahren.<br \/>Mit der Kamera in der Hand tauche ich ein in die wilden Geschichten, die \u00fcberall auf uns warten: direkt vor der Haust\u00fcr und manchmal auf der anderen Seite der Welt.<br \/>Meine Bilder wollen mehr als nur zeigen \u2013 sie wollen erz\u00e4hlen, ber\u00fchren und die Magie der Natur sp\u00fcrbar machen.<\/span><\/p>\n<\/div><\/div>\n\n<div class=\"et_pb_module et_pb_button_module_wrapper et_pb_button_0_wrapper preset--group--divi-button--divi-button--9pdp7poomz_wrapper\"><a class=\"et_pb_button_0 et_pb_button et_pb_bg_layout_light et_pb_module et_flex_module preset--group--divi-button--divi-button--9pdp7poomz\" href=\"\">More about me<\/a><\/div>\n<\/div>\n\n<div class=\"et_pb_column_2 et_pb_column et_pb_column_1_2 et-last-child et_block_column et_pb_css_mix_blend_mode_passthrough\">\n<div class=\"et_pb_image_1 et_pb_image et_pb_module et_flex_module\"><span class=\"et_pb_image_wrap\"><img decoding=\"async\" src=\"https:\/\/www.juliuskramer.de\/wp-content\/uploads\/2025\/04\/julius_kramer.jpg\" title=\"julius_kramer\" width=\"403\" height=\"568\" srcset=\"https:\/\/www.juliuskramer.de\/wp-content\/uploads\/2025\/04\/julius_kramer.jpg 403w\" sizes=\"(min-width: 0px) and (max-width: 403px) 403px, 100vw\" class=\"wp-image-228\" \/><\/span><\/div>\n<\/div>\n<\/div>\n<\/div>\n\n<div class=\"et_pb_section_3 et_pb_section et_section_regular et_flex_section preset--module--divi-section--default\">\n<div class=\"et_pb_row_2 et_pb_row et_flex_row preset--module--divi-row--default\">\n<div class=\"et_pb_column_3 et_pb_column et-last-child et_block_column et_pb_css_mix_blend_mode_passthrough et_flex_column_24_24 et_flex_column_24_24_tablet et_flex_column_24_24_phone et_flex_column_24_24_ultraWide\">\n<div class=\"et_pb_blog_0 et_pb_blog et_pb_bg_layout_light et_pb_text_align_left-phone et_pb_posts et_pb_module blog-grid\"><div class=\"et_pb_ajax_pagination_container\"><div class=\"et_pb_posts et_flex_module\"><article class=\"et_pb_post et_pb_post_id_6048 clearfix et_pb_blog_item_0_0 post-6048 post type-post status-publish format-standard has-post-thumbnail hentry category-blog category-experiences\"><a href=\"https:\/\/www.juliuskramer.de\/en\/the-underside-of-wonder-mein-erfolg-beim-nature-photographer-of-the-year-2025\/\" class=\"entry-featured-image-url\"><img decoding=\"async\" src=\"https:\/\/www.juliuskramer.de\/wp-content\/uploads\/2025\/11\/20250504_J85_9831.jpg\" width=\"1080\" height=\"675\" alt=\"\u201cThe Underside of Wonder\u201d \u2013 My Success at the Nature Photographer of the Year 2025\" class=\"et_pb_post_main_image\" \/><span data-icon=\"\ue050\" class=\"et_overlay et_pb_inline_icon\"><\/span><\/a><h2 class=\"entry-title\"><a href=\"https:\/\/www.juliuskramer.de\/en\/the-underside-of-wonder-mein-erfolg-beim-nature-photographer-of-the-year-2025\/\">\u201cThe Underside of Wonder\u201d \u2013 My Success at the Nature Photographer of the Year 2025<\/a><\/h2><p class=\"post-meta\"><span class=\"entry-categories\"><a href=\"https:\/\/www.juliuskramer.de\/blog\/blog\/\" rel=\"tag\">Blog<\/a>, <a href=\"https:\/\/www.juliuskramer.de\/en\/blog\/blog-en\/experiences\/\" rel=\"tag\">Experiences<\/a><\/span><\/p><div class=\"post-content\"><div class=\"post-content-inner\"><p>My image \u201cThe Underside of Wonder\u201d was awarded Highly Commended at the Nature Photographer of th&hellip;<\/p>\n<\/div><\/div><\/article><article class=\"et_pb_post et_pb_post_id_6064 clearfix et_pb_blog_item_0_1 post-6064 post type-post status-publish format-standard has-post-thumbnail hentry category-tips-and-tricks\"><a href=\"https:\/\/www.juliuskramer.de\/en\/patience-in-wildlife-photography-why-waiting-is-the-best-tool-for-wildlife-photographers\/\" class=\"entry-featured-image-url\"><img decoding=\"async\" src=\"https:\/\/www.juliuskramer.de\/wp-content\/uploads\/2025\/10\/20160904-JK8_8534.jpg\" width=\"1080\" height=\"675\" alt=\"Patience in wildlife photography &#8211; Why waiting is the best tool for wildlife photographers\" class=\"et_pb_post_main_image\" \/><span data-icon=\"\ue050\" class=\"et_overlay et_pb_inline_icon\"><\/span><\/a><h2 class=\"entry-title\"><a href=\"https:\/\/www.juliuskramer.de\/en\/patience-in-wildlife-photography-why-waiting-is-the-best-tool-for-wildlife-photographers\/\">Patience in wildlife photography &#8211; Why waiting is the best tool for wildlife photographers<\/a><\/h2><p class=\"post-meta\"><span class=\"entry-categories\"><a href=\"https:\/\/www.juliuskramer.de\/en\/blog\/blog-en\/tips-and-tricks\/\" rel=\"tag\">Tips and Tricks<\/a><\/span><\/p><div class=\"post-content\"><div class=\"post-content-inner\"><p>Patience is the most important tool in wildlife photography. I describe why waiting is not wasted ti&hellip;<\/p>\n<\/div><\/div><\/article><article class=\"et_pb_post et_pb_post_id_5557 clearfix et_pb_blog_item_0_2 post-5557 post type-post status-publish format-standard has-post-thumbnail hentry category-tips-and-tricks\"><a href=\"https:\/\/www.juliuskramer.de\/en\/how-to-wildlife-photography-at-night\/\" class=\"entry-featured-image-url\"><img decoding=\"async\" src=\"https:\/\/www.juliuskramer.de\/wp-content\/uploads\/2025\/10\/20191023-DSC_0894.jpg\" width=\"1080\" height=\"675\" alt=\"Genets at night\" class=\"et_pb_post_main_image\" \/><span data-icon=\"\ue050\" class=\"et_overlay et_pb_inline_icon\"><\/span><\/a><h2 class=\"entry-title\"><a href=\"https:\/\/www.juliuskramer.de\/en\/how-to-wildlife-photography-at-night\/\">How-To: Wildlife photography at night<\/a><\/h2><p class=\"post-meta\"><span class=\"entry-categories\"><a href=\"https:\/\/www.juliuskramer.de\/en\/blog\/blog-en\/tips-and-tricks\/\" rel=\"tag\">Tips and Tricks<\/a><\/span><\/p><div class=\"post-content\"><div class=\"post-content-inner\"><p>When the sun goes down, the secret life of wild animals begins. But taking good photos in the dark i&hellip;<\/p>\n<\/div><\/div><\/article><\/div><\/div><\/div>\n<\/div>\n<\/div>\n<\/div>\n\n<div class=\"et_pb_section_4 et_pb_section et_section_regular et_block_section preset--module--divi-section--default\">\n<div class=\"et_pb_row_3 et_pb_row et_pb_equal_columns et_pb_gutters2 et_block_row et_pb_section_parallax preset--module--divi-row--default\"><span class=\"et-pb-parallax-wrapper\"><span class=\"et-pb-parallax-background et-pb-parallax-background-module--divi-row-3\" style=\"background-image:url(http:\/\/juliuskramer.de\/wp-content\/uploads\/2025\/04\/wasserfall.jpg)\"><\/span><\/span>\n<div class=\"et_pb_column_4 et_pb_column et_pb_column_1_2 et_block_column et_pb_css_mix_blend_mode_passthrough\">\n<div class=\"et_pb_image_2 et_pb_image et_pb_module et_flex_module\"><span class=\"et_pb_image_wrap\"><img decoding=\"async\" src=\"http:\/\/juliuskramer.de\/wp-content\/uploads\/2025\/04\/waldkauz.jpg\" title=\"waldkauz\" width=\"403\" height=\"568\" srcset=\"http:\/\/juliuskramer.de\/wp-content\/uploads\/2025\/04\/waldkauz.jpg 403w\" sizes=\"(max-width: 403px) 100vw, 403px\" class=\"wp-image-244\" \/><\/span><\/div>\n<\/div>\n\n<div class=\"et_pb_column_5 et_pb_column et_pb_column_1_2 et-last-child et_block_column et_pb_css_mix_blend_mode_passthrough\">\n<div class=\"et_pb_heading_2 et_pb_heading et_pb_module et_flex_module\"><div class=\"et_pb_heading_container\"><h4 class=\"et_pb_module_header\">what<\/h4><\/div><\/div>\n\n<div class=\"et_pb_heading_3 et_pb_heading et_pb_module et_flex_module\"><div class=\"et_pb_heading_container\"><h3 class=\"et_pb_module_header\">moves me<\/h3><\/div><\/div>\n\n<div class=\"et_pb_text_1 et_pb_text et_pb_bg_layout_light et_pb_module et_flex_module\"><div class=\"et_pb_text_inner\"><p>Nature is full of life, diversity and wonder.<br of chasing after an idealized image of \u201cuntouched\u201d nature, we should learn to see its true beauty - and preserve it. Protecting biodiversity means enjoying nature and giving it space to unfold. It does not need us to renew itself - but we need it.  <\/p>\n<\/div><\/div>\n<\/div>\n<\/div>\n<\/div><span class=\"et_bloom_bottom_trigger\"><\/span>","protected":false},"excerpt":{"rendered":"","protected":false},"author":1,"featured_media":0,"parent":0,"menu_order":0,"comment_status":"closed","ping_status":"closed","template":"","meta":{"ngg_post_thumbnail":0,"footnotes":""},"class_list":["post-1612","page","type-page","status-publish","hentry"],"yoast_head":"<!-- This site is optimized with the Yoast SEO plugin v27.4 - https:\/\/yoast.com\/product\/yoast-seo-wordpress\/ -->\n<title>Nature photography, wildlife &amp; camera traps - Julius Kramer Naturfotografie<\/title>\n<meta name=\"description\" content=\"Nature photography with passion: Experience wildlife up close, discover everything about camera traps, equipment &amp; travel reports from Germany and around the world.\" \/>\n<meta name=\"robots\" content=\"index, follow, max-snippet:-1, max-image-preview:large, max-video-preview:-1\" \/>\n<link rel=\"canonical\" href=\"https:\/\/www.juliuskramer.de\/en\/home-page\/\" \/>\n<meta property=\"og:locale\" content=\"en_US\" \/>\n<meta property=\"og:type\" content=\"article\" \/>\n<meta property=\"og:title\" content=\"Nature photography, wildlife &amp; camera traps - Julius Kramer Naturfotografie\" \/>\n<meta property=\"og:description\" content=\"Nature photography with passion: Experience wildlife up close, discover everything about camera traps, equipment &amp; travel reports from Germany and around the world.\" \/>\n<meta property=\"og:url\" content=\"https:\/\/www.juliuskramer.de\/en\/home-page\/\" \/>\n<meta property=\"og:site_name\" content=\"Julius Kramer Naturfotografie\" \/>\n<meta property=\"article:modified_time\" content=\"2025-09-08T13:13:30+00:00\" \/>\n<meta property=\"og:image\" content=\"https:\/\/www.juliuskramer.de\/wp-content\/uploads\/2025\/08\/20200902-J85_0642-1.jpg\" \/>\n\t<meta property=\"og:image:width\" content=\"1920\" \/>\n\t<meta property=\"og:image:height\" content=\"1080\" \/>\n\t<meta property=\"og:image:type\" content=\"image\/jpeg\" \/>\n<meta name=\"twitter:card\" content=\"summary_large_image\" \/>\n<script type=\"application\/ld+json\" class=\"yoast-schema-graph\">{\"@context\":\"https:\\\/\\\/schema.org\",\"@graph\":[{\"@type\":\"WebPage\",\"@id\":\"https:\\\/\\\/www.juliuskramer.de\\\/en\\\/home-page\\\/\",\"url\":\"https:\\\/\\\/www.juliuskramer.de\\\/en\\\/home-page\\\/\",\"name\":\"Nature photography, wildlife & camera traps - Julius Kramer Naturfotografie\",\"isPartOf\":{\"@id\":\"https:\\\/\\\/www.juliuskramer.de\\\/en\\\/#website\"},\"datePublished\":\"2025-04-28T14:02:14+00:00\",\"dateModified\":\"2025-09-08T13:13:30+00:00\",\"description\":\"Nature photography with passion: Experience wildlife up close, discover everything about camera traps, equipment & travel reports from Germany and around the world.\",\"breadcrumb\":{\"@id\":\"https:\\\/\\\/www.juliuskramer.de\\\/en\\\/home-page\\\/#breadcrumb\"},\"inLanguage\":\"en-US\",\"potentialAction\":[{\"@type\":\"ReadAction\",\"target\":[\"https:\\\/\\\/www.juliuskramer.de\\\/en\\\/home-page\\\/\"]}]},{\"@type\":\"BreadcrumbList\",\"@id\":\"https:\\\/\\\/www.juliuskramer.de\\\/en\\\/home-page\\\/#breadcrumb\",\"itemListElement\":[{\"@type\":\"ListItem\",\"position\":1,\"name\":\"Startseite\",\"item\":\"https:\\\/\\\/www.juliuskramer.de\\\/en\\\/\"},{\"@type\":\"ListItem\",\"position\":2,\"name\":\"Home page\"}]},{\"@type\":\"WebSite\",\"@id\":\"https:\\\/\\\/www.juliuskramer.de\\\/en\\\/#website\",\"url\":\"https:\\\/\\\/www.juliuskramer.de\\\/en\\\/\",\"name\":\"Julius Kramer Naturfotografie\",\"description\":\"Wildlife- und Tierfotografie\",\"publisher\":{\"@id\":\"https:\\\/\\\/www.juliuskramer.de\\\/en\\\/#\\\/schema\\\/person\\\/ba6a710289277af687ce08cf24aec780\"},\"potentialAction\":[{\"@type\":\"SearchAction\",\"target\":{\"@type\":\"EntryPoint\",\"urlTemplate\":\"https:\\\/\\\/www.juliuskramer.de\\\/en\\\/?s={search_term_string}\"},\"query-input\":{\"@type\":\"PropertyValueSpecification\",\"valueRequired\":true,\"valueName\":\"search_term_string\"}}],\"inLanguage\":\"en-US\"},{\"@type\":[\"Person\",\"Organization\"],\"@id\":\"https:\\\/\\\/www.juliuskramer.de\\\/en\\\/#\\\/schema\\\/person\\\/ba6a710289277af687ce08cf24aec780\",\"name\":\"Julius Kramer\",\"image\":{\"@type\":\"ImageObject\",\"inLanguage\":\"en-US\",\"@id\":\"https:\\\/\\\/www.juliuskramer.de\\\/wp-content\\\/uploads\\\/2025\\\/04\\\/julius_kramer.jpg\",\"url\":\"https:\\\/\\\/www.juliuskramer.de\\\/wp-content\\\/uploads\\\/2025\\\/04\\\/julius_kramer.jpg\",\"contentUrl\":\"https:\\\/\\\/www.juliuskramer.de\\\/wp-content\\\/uploads\\\/2025\\\/04\\\/julius_kramer.jpg\",\"width\":403,\"height\":568,\"caption\":\"Julius Kramer\"},\"logo\":{\"@id\":\"https:\\\/\\\/www.juliuskramer.de\\\/wp-content\\\/uploads\\\/2025\\\/04\\\/julius_kramer.jpg\"},\"sameAs\":[\"http:\\\/\\\/juliuskramer.de\"]}]}<\/script>\n<!-- \/ Yoast SEO plugin. -->","yoast_head_json":{"title":"Nature photography, wildlife & camera traps - Julius Kramer Naturfotografie","description":"Nature photography with passion: Experience wildlife up close, discover everything about camera traps, equipment & travel reports from Germany and around the world.","robots":{"index":"index","follow":"follow","max-snippet":"max-snippet:-1","max-image-preview":"max-image-preview:large","max-video-preview":"max-video-preview:-1"},"canonical":"https:\/\/www.juliuskramer.de\/en\/home-page\/","og_locale":"en_US","og_type":"article","og_title":"Nature photography, wildlife & camera traps - Julius Kramer Naturfotografie","og_description":"Nature photography with passion: Experience wildlife up close, discover everything about camera traps, equipment & travel reports from Germany and around the world.","og_url":"https:\/\/www.juliuskramer.de\/en\/home-page\/","og_site_name":"Julius Kramer Naturfotografie","article_modified_time":"2025-09-08T13:13:30+00:00","og_image":[{"width":1920,"height":1080,"url":"https:\/\/www.juliuskramer.de\/wp-content\/uploads\/2025\/08\/20200902-J85_0642-1.jpg","type":"image\/jpeg"}],"twitter_card":"summary_large_image","schema":{"@context":"https:\/\/schema.org","@graph":[{"@type":"WebPage","@id":"https:\/\/www.juliuskramer.de\/en\/home-page\/","url":"https:\/\/www.juliuskramer.de\/en\/home-page\/","name":"Nature photography, wildlife & camera traps - Julius Kramer Naturfotografie","isPartOf":{"@id":"https:\/\/www.juliuskramer.de\/en\/#website"},"datePublished":"2025-04-28T14:02:14+00:00","dateModified":"2025-09-08T13:13:30+00:00","description":"Nature photography with passion: Experience wildlife up close, discover everything about camera traps, equipment & travel reports from Germany and around the world.","breadcrumb":{"@id":"https:\/\/www.juliuskramer.de\/en\/home-page\/#breadcrumb"},"inLanguage":"en-US","potentialAction":[{"@type":"ReadAction","target":["https:\/\/www.juliuskramer.de\/en\/home-page\/"]}]},{"@type":"BreadcrumbList","@id":"https:\/\/www.juliuskramer.de\/en\/home-page\/#breadcrumb","itemListElement":[{"@type":"ListItem","position":1,"name":"Startseite","item":"https:\/\/www.juliuskramer.de\/en\/"},{"@type":"ListItem","position":2,"name":"Home page"}]},{"@type":"WebSite","@id":"https:\/\/www.juliuskramer.de\/en\/#website","url":"https:\/\/www.juliuskramer.de\/en\/","name":"Julius Kramer Naturfotografie","description":"Wildlife- und Tierfotografie","publisher":{"@id":"https:\/\/www.juliuskramer.de\/en\/#\/schema\/person\/ba6a710289277af687ce08cf24aec780"},"potentialAction":[{"@type":"SearchAction","target":{"@type":"EntryPoint","urlTemplate":"https:\/\/www.juliuskramer.de\/en\/?s={search_term_string}"},"query-input":{"@type":"PropertyValueSpecification","valueRequired":true,"valueName":"search_term_string"}}],"inLanguage":"en-US"},{"@type":["Person","Organization"],"@id":"https:\/\/www.juliuskramer.de\/en\/#\/schema\/person\/ba6a710289277af687ce08cf24aec780","name":"Julius Kramer","image":{"@type":"ImageObject","inLanguage":"en-US","@id":"https:\/\/www.juliuskramer.de\/wp-content\/uploads\/2025\/04\/julius_kramer.jpg","url":"https:\/\/www.juliuskramer.de\/wp-content\/uploads\/2025\/04\/julius_kramer.jpg","contentUrl":"https:\/\/www.juliuskramer.de\/wp-content\/uploads\/2025\/04\/julius_kramer.jpg","width":403,"height":568,"caption":"Julius Kramer"},"logo":{"@id":"https:\/\/www.juliuskramer.de\/wp-content\/uploads\/2025\/04\/julius_kramer.jpg"},"sameAs":["http:\/\/juliuskramer.de"]}]}},"_links":{"self":[{"href":"https:\/\/www.juliuskramer.de\/en\/wp-json\/wp\/v2\/pages\/1612","targetHints":{"allow":["GET"]}}],"collection":[{"href":"https:\/\/www.juliuskramer.de\/en\/wp-json\/wp\/v2\/pages"}],"about":[{"href":"https:\/\/www.juliuskramer.de\/en\/wp-json\/wp\/v2\/types\/page"}],"author":[{"embeddable":true,"href":"https:\/\/www.juliuskramer.de\/en\/wp-json\/wp\/v2\/users\/1"}],"replies":[{"embeddable":true,"href":"https:\/\/www.juliuskramer.de\/en\/wp-json\/wp\/v2\/comments?post=1612"}],"version-history":[{"count":4,"href":"https:\/\/www.juliuskramer.de\/en\/wp-json\/wp\/v2\/pages\/1612\/revisions"}],"predecessor-version":[{"id":4911,"href":"https:\/\/www.juliuskramer.de\/en\/wp-json\/wp\/v2\/pages\/1612\/revisions\/4911"}],"wp:attachment":[{"href":"https:\/\/www.juliuskramer.de\/en\/wp-json\/wp\/v2\/media?parent=1612"}],"curies":[{"name":"wp","href":"https:\/\/api.w.org\/{rel}","templated":true}]}}